{"id":64,"date":"2022-11-23T09:48:08","date_gmt":"2022-11-23T09:48:08","guid":{"rendered":"https:\/\/green-gaur-775601.hostingersite.com\/?page_id=64"},"modified":"2026-04-02T15:05:16","modified_gmt":"2026-04-02T15:05:16","slug":"dinner","status":"publish","type":"page","link":"https:\/\/smaaqt.nl\/en\/diner\/","title":{"rendered":"Dinner"},"content":{"rendered":"<div id=\"cs-content\" class=\"cs-content\"><div class=\"x-section e64-e1 m1s-0\"><div class=\"x-row e64-e2 m1s-1 m1s-2 m1s-3\"><div class=\"x-row-inner\"><div class=\"x-col e64-e3 m1s-c m1s-d\"><h2  class=\"h-custom-headline h3\" style=\"text-decoration: underline #C92228 solid 1.5px; text-underline-offset: 24px;\"><span>Om mee te beginnen<\/span><\/h2><div id=\"\" class=\"x-text\" style=\"margin-top:40px;\" ><p><span style=\"color: #000; font-family: 'Assistant', sans-serif; font-size: 20px;\"><strong>Pata Negra<span style=\"float: right;\"> \u20ac 13,95<\/span><\/strong><\/span><br \/>\n<span style=\"color: #000;\">Dun gesneden van de varkensschouder geserveerd met crostini's<\/span><\/p>\n<p><span style=\"color: #000; font-family: 'Assistant', sans-serif; font-size: 20px;\"><strong>Oesterzwam kroketjes <iconify-icon icon=\"iconoir:vegan\" style=\"color: #7ecb29; margin-bottom: -10px;\" width=\"35\" height=\"35\"><\/iconify-icon><span style=\"float: right;\"> \u20ac 7,50<\/span><\/strong><\/span><br \/>\n<span style=\"color: #000;\"> met truffelmayonaise (4 stuks)<\/span><\/p>\n<p><span style=\"color: #000; font-family: 'Assistant', sans-serif; font-size: 20px;\"><strong>Mini taco's steak tartaar<span style=\"float: right;\"> \u20ac 14,95<\/span><\/strong><\/span><br \/>\n<span style=\"color: #000;\"> Met truffel mayonaise en pecorino (3 stuks)<\/span><\/p>\n<p><span style=\"color: #000; font-family: 'Assistant', sans-serif; font-size: 20px;\"><strong>Mini taco\u2019s tonijn tartaar<span style=\"float: right;\"> \u20ac 14,95<\/span><\/strong><\/span><br \/>\n<span style=\"color: #000;\"> Met wasabi mayonaise en avocado (3 stuks)<\/span><\/p>\n<p><span style=\"color: #000; font-family: 'Assistant', sans-serif; font-size: 20px;\"><strong>Chorizo kroketjes<span style=\"float: right;\"> \u20ac 7,50<\/span><\/strong><\/span><br \/>\n<span style=\"color: #000;\">met samurai mayonaise (4 stuks) <\/span><\/p>\n<p><span style=\"color: #000; font-family: 'Assistant', sans-serif; font-size: 20px;\"><strong>Holtkamp Sateh Ayam bitterballen<span style=\"float: right;\"> \u20ac 12,50<\/span><\/strong><\/span><br \/>\n<span style=\"color: #000;\">geserveerd met sat\u00e9saus en bosui (6 stuks) <\/span><\/p>\n<\/div><\/div><\/div><\/div><div class=\"x-row e64-e6 m1s-1 m1s-2 m1s-4\"><div class=\"x-row-inner\"><div class=\"x-col e64-e7 m1s-c m1s-d\"><h2  class=\"h-custom-headline h3\" style=\"margin-top:0px; text-decoration: underline #C92228 solid 1.5px; text-underline-offset: 24px;\"><span>Voorgerechten<\/span><\/h2><div id=\"\" class=\"x-text\" style=\"margin-top:40px;\" ><p><span style=\"color: #000; font-family: 'Assistant', sans-serif; font-size: 20px;\"><strong>Carpaccio<span style=\"float: right;\"> \u20ac 14,50<\/span><\/strong><\/span><br \/>\n<span style=\"color: #000;\">Truffelmayonaise, parmezaanse kaas, crostini, rucola, pijnboompitten en zongedroogde tomaatjes<\/span><\/p>\n<p><span style=\"color: #000; font-family: 'Assistant', sans-serif; font-size: 20px;\"><strong>Steak tartaar met tempura<span style=\"float: right;\"> \u20ac 14,95<\/span><\/strong><\/span><br \/>\n<span style=\"color: #000;\">Amsterdamse ui, cornichons, truffelmayonaise, gefrituurde peterselie en crostini<\/span><\/p>\n<p><span style=\"color: #000; font-family: 'Assistant', sans-serif; font-size: 20px;\"><strong>Soep van seizoen <iconify-icon icon=\"iconoir:vegan\" style=\"color: #7ecb29; margin-left: 6px; margin-bottom: -6px;\" width=\"28\" height=\"28\"><\/iconify-icon><span style=\"float: right;\"> \u20ac 9,50<\/span><\/strong><\/span><\/p>\n<p><span style=\"color: #000; font-family: 'Assistant', sans-serif; font-size: 20px;\"><strong>Tonijn tataki<span style=\"float: right;\"> \u20ac 14,95<\/span><\/strong><\/span><br \/>\nWakame, fris\u00e9e, radijs en wasabimayonaise<\/p>\n<p><span style=\"color: #000; font-family: 'Assistant', sans-serif; font-size: 20px;\"><strong>Burrata<iconify-icon icon=\"iconoir:vegan\" style=\"color: #7ecb29; margin-left: 6px; margin-bottom: -6px;\" width=\"28\" height=\"28\"><\/iconify-icon><span style=\"float: right;\"> \u20ac 12,95<\/span><\/strong><\/span><br \/>\nGroene asperges, citroen basilicum olie en gemarineerde cherrytomaatjes<\/p>\n<p><span style=\"color: #000; font-family: 'Assistant', sans-serif; font-size: 20px;\"><strong>Gamba Piri Piri<br \/>\n<span style=\"float: right;\"> \u20ac 14,50<\/span><\/strong><\/span><span style=\"color: #000;\">Met brood<\/span><\/p>\n<\/div><\/div><\/div><\/div><div class=\"x-row e64-e11 m1s-1 m1s-2 m1s-5\"><div class=\"x-row-inner\"><div class=\"x-col e64-e12 m1s-c m1s-d\"><h2  class=\"h-custom-headline h3\" style=\"margin-top:0px; text-decoration: underline #C92228 solid 1.5px; text-underline-offset: 24px;\"><span>Hoofdgerechten<\/span><\/h2><div id=\"\" class=\"x-text\" style=\"margin-top:40px;\" ><p><span style=\"color: #000; font-family: 'Assistant', sans-serif; font-size: 20px;\"><strong>Tournedos<span style=\"float: right;\"> \u20ac 34,95<\/span><\/strong><\/span><br \/>\n<span style=\"color: #000;\">Botermousseline, gebakken paddenstoelen\/uien,<br \/>\ngepofte tomaat en pepersaus<\/span><\/p>\n<p><span style=\"color: #000; font-family: 'Assistant', sans-serif; font-size: 20px;\"><strong>Sat\u00e9 van kippendijen<span style=\"float: right;\"> \u20ac 23,50<\/span><\/strong><\/span><br \/>\n<span style=\"color: #000;\">Geserveerd met Friet van Friethoes, salade, atjar, bosui, kroepoek en sat\u00e8saus<\/span><\/p>\n<p><span style=\"color: #000; font-family: 'Assistant', sans-serif; font-size: 20px;\"><strong>Vis van de markt<span style=\"float: right;\"> \u20ac 27,95<\/span><\/strong><\/span><br \/>\nCr\u00e8me van doperwten, aspergetips, pommes en citroen beurre blanc<\/p>\n<p><span style=\"color: #000; font-family: 'Assistant', sans-serif; font-size: 20px;\"><strong>Eendenborst<span style=\"float: right;\"> \u20ac 27,50<\/span><\/strong><\/span><br \/>\n<span style=\"color: #000;\">Met gratin, gegrilde little gem en sinaasappel jus<br \/>\n<\/span><\/p>\n<p><span style=\"color: #000; font-family: 'Assistant', sans-serif; font-size: 20px;\"><strong>Pok\u00e9bowl tonijn \/ krokante kip<span style=\"float: right;\"> \u20ac 24,50<\/span><\/strong><\/span><br \/>\n<span style=\"color: #000;\">Sushirijst, komkommer, bosui, avocado, radijs, furikakekruiden, ma\u00efs, wortellinten, sojabonen, chilivlokken en limoenmayonaise (vegan mogelijk)<\/span><\/p>\n<p><span style=\"color: #000; font-family: 'Assistant', sans-serif; font-size: 20px;\"><strong>Ribeye<span style=\"float: right;\"> \u20ac 32,95<\/span><\/strong><\/span><br \/>\n<span style=\"color: #000;\">Gegrilde asperges, krieltjes en chimichurri<\/span><\/p>\n<p><span style=\"color: #000; font-family: 'Assistant', sans-serif; font-size: 20px;\"><strong>Risotto met portobello<iconify-icon icon=\"iconoir:vegan\" style=\"color: #7ecb29; margin-left: 4px; margin-bottom: -6px;\" width=\"28\" height=\"28\"><\/iconify-icon><span style=\"float: right;\"> \u20ac 25,50<\/span><\/strong><\/span><br \/>\nBundelzwam, truffelolie, pijnboompitten en rucola<\/p>\n<p><span style=\"color: #000; font-family: 'Assistant', sans-serif; font-size: 20px;\"><strong>SmaaQt-burger<span style=\"float: right;\"> \u20ac 22,50<\/span><\/strong><\/span><br \/>\n<span style=\"color: #000;\">Angusburger op briochebol met ketchup, bacon, cheddar, tomaat en augurk. Geserveerd met Friet van Friethoes<\/span><\/p>\n<p><span style=\"color: #000; font-family: 'Assistant', sans-serif; font-size: 20px;\"><strong>Spare-ribs<span style=\"float: right;\"> \u20ac 31,50<\/span><\/strong><\/span><br \/>\n<span style=\"color: #000;\">Geserveerd met Friet van Friethoes, bosui en diverse dips<\/span><\/p>\n<p><span style=\"color: #000; font-family: 'Assistant', sans-serif; font-size: 20px;\"><strong>SmaaQt-Vegan Burger <iconify-icon icon=\"iconoir:vegan\" style=\"color: #7ecb29; margin-left: 6px; margin-bottom: -6px;\" width=\"28\" height=\"28\"><\/iconify-icon><iconify-icon icon=\"iconoir:vegan\" style=\"color: #7ecb29; margin-left: 4px; margin-bottom: -6px;\" width=\"28\" height=\"28\"><\/iconify-icon><span style=\"float: right;\"> \u20ac 22,50<\/span><\/strong><\/span><br \/>\n<span style=\"color: #000;\">Burger van oesterzwam, guacamole, Violife kaas, krokante ui, tomaat, augurk en Friet van Friethoes<\/span><\/p>\n<\/div><\/div><\/div><\/div><div class=\"x-row e64-e16 m1s-1 m1s-2 m1s-6\"><div class=\"x-row-inner\"><div class=\"x-col e64-e17 m1s-c m1s-e\"><h2  class=\"h-custom-headline h3\" style=\"margin-top:0px; text-decoration: underline #C92228 solid 1.5px; text-underline-offset: 24px;\"><span>Extra's<\/span><\/h2><div id=\"\" class=\"x-text\" style=\"margin-top:40px;\" ><p><span style=\"color: #000; font-family: 'Assistant', sans-serif; font-size: 20px;\"><strong>Friet met truffel pecorino<span style=\"float: right;\"> \u20ac 6,50<\/span><\/strong><\/span><br \/>\n<span style=\"color: #000; font-family: 'Assistant', sans-serif; font-size: 20px;\"><strong>Friet van Friethoes<span style=\"float: right;\"> \u20ac 5,95<\/span><\/strong><\/span><br \/>\n<span style=\"color: #000; font-family: 'Assistant', sans-serif; font-size: 20px;\"><strong>Zoete aardappelfrietjes<span style=\"float: right;\"> \u20ac 6,50<\/span><\/strong><\/span><br \/>\n<span style=\"color: #000; font-family: 'Assistant', sans-serif; font-size: 20px;\"><strong>Groene Salade<span style=\"float: right;\"> \u20ac 4,95<\/span><\/strong><\/span><\/p>\n<\/div><\/div><\/div><\/div><div class=\"x-row e64-e20 m1s-1 m1s-2 m1s-7\"><div class=\"x-row-inner\"><div class=\"x-col e64-e21 m1s-c m1s-d\"><div id=\"\" class=\"x-text\" style=\"margin-top:20px;\" ><p><iconify-icon icon=\"iconoir:vegan\" style=\"color: #7ecb29; margin-bottom: -10px;\" width=\"35\" height=\"35\"><\/iconify-icon><span style=\"color: #000; font-family: 'Assistant', sans-serif; font-size: 20px;\"><strong> = Vegetarisch<\/strong><\/span><br \/>\n<iconify-icon icon=\"iconoir:vegan\" style=\"color: #7ecb29; margin-bottom: -10px;\" width=\"35\" height=\"35\"><\/iconify-icon><iconify-icon icon=\"iconoir:vegan\" style=\"color: #7ecb29; margin-bottom: -10px;\" width=\"35\" height=\"35\"><\/iconify-icon><span style=\"color: #000; font-family: 'Assistant', sans-serif; font-size: 20px;\"><strong> = Vegan<\/strong><\/span><\/p>\n<\/div><\/div><\/div><\/div><div class=\"x-row e64-e23 m1s-1 m1s-2 m1s-8\"><div class=\"x-row-inner\"><div class=\"x-col e64-e24 m1s-c m1s-d\"><h2  class=\"h-custom-headline h3\" style=\"margin-top:0px; text-decoration: underline #C92228 solid 1.5px; text-underline-offset: 24px;\"><span>Desserts<\/span><\/h2><div id=\"\" class=\"x-text\" style=\"margin-top:40px;\" ><p><span style=\"color: #000; font-family: 'Assistant', sans-serif; font-size: 20px;\"><strong>Dame blanche<span style=\"float: right;\"> \u20ac8,95<\/span><\/strong><\/span><br \/>\n<span style=\"color: #000;\">Warme chocoladesaus, vanille ijs en slagroom<\/span><\/p>\n<p><span style=\"color: #000; font-family: 'Assistant', sans-serif; font-size: 20px;\"><strong>Banana toffee muffin\u00a0<span style=\"float: right;\"> \u20ac9,95<\/span><\/strong><\/span><br \/>\n<span style=\"color: #000;\">Walnotenijs en caramelsaus<\/span><\/p>\n<p><span style=\"color: #000; font-family: 'Assistant', sans-serif; font-size: 20px;\"><strong>Warme Appeltaart<span style=\"float: right;\"> \u20ac8,95<\/span><\/strong><\/span><br \/>\n<span style=\"color: #000;\">Met vanille ijs en slagroom<\/span><\/p>\n<p><span style=\"color: #000; font-family: 'Assistant', sans-serif; font-size: 20px;\"><strong>Citroen basilicum panacota<span style=\"float: right;\"> \u20ac9,95<\/span><\/strong><\/span><br \/>\n<span style=\"color: #000;\">Met Fruit en sinaasappelgel<\/span><\/p>\n<p><span style=\"color: #000; font-family: 'Assistant', sans-serif; font-size: 20px;\"><strong>Scroppino<span style=\"float: right;\"> \u20ac10,50<\/span><\/strong><\/span><br \/>\n<span style=\"color: #000;\">Citroensorbet, vodka en prosecco<\/span><\/p>\n<p><span style=\"color: #000; font-family: 'Assistant', sans-serif; font-size: 20px;\"><strong>Cr\u00e8me br\u00fbl\u00e9e<span style=\"float: right;\"> \u20ac9,95<\/span><\/strong><\/span><br \/>\n<span style=\"color: #000;\">Met vanille ijs<\/span><\/p>\n<\/div><\/div><\/div><\/div><div class=\"x-row e64-e28 m1s-1 m1s-2 m1s-9\"><div class=\"x-row-inner\"><div class=\"x-col e64-e29 m1s-c m1s-d\"><h2  class=\"h-custom-headline h3\" style=\"margin-top:0px; text-decoration: underline #C92228 solid 1.5px; text-underline-offset: 24px;\"><span>Speciaalkoffie's<\/span><\/h2><div id=\"\" class=\"x-text\" style=\"margin-top:40px;\" ><p><span style=\"color: #000; font-family: 'Assistant', sans-serif; font-size: 20px;\"><strong>Irish Coffee<span style=\"float: right;\"> \u20ac 9,95<\/span><\/strong><\/span><br \/>\n<span style=\"color: #000;\">Jameson<\/span><\/p>\n<p><span style=\"color: #000; font-family: 'Assistant', sans-serif; font-size: 20px;\"><strong>Spanish Coffee<span style=\"float: right;\"> \u20ac 9,95<\/span><\/strong><\/span><br \/>\n<span style=\"color: #000;\">Keuze uit Tia Maria of Licor 43<\/span><\/p>\n<p><span style=\"color: #000; font-family: 'Assistant', sans-serif; font-size: 20px;\"><strong>Italian Coffee<span style=\"float: right;\"> \u20ac 9,95<\/span><\/strong><\/span><br \/>\n<span style=\"color: #000;\">Amaretto<\/span><\/p>\n<p><span style=\"color: #000; font-family: 'Assistant', sans-serif; font-size: 20px;\"><strong>French Coffee<span style=\"float: right;\"> \u20ac 9,95<\/span><\/strong><\/span><br \/>\n<span style=\"color: #000;\">Grand Marnier<\/span><\/p>\n<p><span style=\"color: #000; font-family: 'Assistant', sans-serif; font-size: 20px;\"><strong>SmaaQt Coffee<span style=\"float: right;\"> \u20ac 5,75<\/span><\/strong><\/span><br \/>\n<span style=\"color: #000;\">Karamelsiroop, melkschuim, koffie en slagroom<\/span><\/p>\n<\/div><\/div><\/div><\/div><div class=\"x-row e64-e32 m1s-1 m1s-2 m1s-a\"><div class=\"x-row-inner\"><div class=\"x-col e64-e33 m1s-c m1s-d\"><h2  class=\"h-custom-headline h3\" style=\"margin-top:0px; text-decoration: underline #C92228 solid 1.5px; text-underline-offset: 24px;\"><span>Drinks<\/span><\/h2><div id=\"\" class=\"x-text\" style=\"margin-top:40px;\" ><h4>Gin tonic's<\/h4>\n<p><span style=\"color: #000; font-family: 'Assistant', sans-serif; font-size: 20px;\"><strong>Bobby's<span style=\"float: right;\"> \u20ac11,50<\/span><\/strong><\/span><br \/>\n<span style=\"color: #000;\">Sinaasappel &amp; kruidnagel<\/span><\/p>\n<p><span style=\"color: #000; font-family: 'Assistant', sans-serif; font-size: 20px;\"><strong>Hendrick\u2019s<span style=\"float: right;\"> \u20ac 11,50<\/span><\/strong><\/span><br \/>\n<span style=\"color: #000;\">Met komkommer<\/span><\/p>\n<p><span style=\"color: #000; font-family: 'Assistant', sans-serif; font-size: 20px;\"><strong>Sir Edmond<span style=\"float: right;\"> \u20ac 11,50<\/span><\/strong><\/span><br \/>\n<span style=\"color: #000;\">FEVER-TREE Raspberry &amp; Rhubarb Tonic, Rood Fruit &amp; Munt<\/span><\/p>\n<h4>Mocktails<\/h4>\n<p><span style=\"color: #000; font-family: 'Assistant', sans-serif; font-size: 20px;\"><strong>Non Alcoholic G&amp;T<span style=\"float: right;\"> \u20ac 10,00<\/span><\/strong><\/span><br \/>\n<span style=\"color: #000;\">Copperhead N\/A | Sinaasappel<\/span><\/p>\n<p><span style=\"color: #000; font-family: 'Assistant', sans-serif; font-size: 20px;\"><strong>Mojito 0,0%<span style=\"float: right;\"> \u20ac 10,00<\/span><\/strong><\/span><br \/>\n<span style=\"color: #000;\">FEVER-TREE Mojito Mixer, Spa Rood, limoen &amp; munt<\/span><\/p>\n<p><span style=\"color: #000; font-family: 'Assistant', sans-serif; font-size: 20px;\"><strong>Passion Mule 0,0% <span style=\"float: right;\"> \u20ac 10,50<\/span><\/strong><\/span><br \/>\n<span style=\"color: #000;\">FEVER-TREE Passion Fruit Martini Mixer &amp;<br \/>\nGinger Beer, Munt &amp; Limoen<\/span><\/p>\n<h4>Cocktails<\/h4>\n<p><span style=\"color: #000; font-family: 'Assistant', sans-serif; font-size: 20px;\"><strong>Mojito<span style=\"float: right;\"> \u20ac 12,50<\/span><\/strong><\/span><br \/>\n<span style=\"color: #000;\">Rum, munt, limoen, suikersiroop &amp; bruiswater<\/span><\/p>\n<p><span style=\"color: #000; font-family: 'Assistant', sans-serif; font-size: 20px;\"><strong>Limonchill<span style=\"float: right;\"> \u20ac 10,50<\/span><\/strong><\/span><br \/>\n<span style=\"color: #000;\">Limoncello, indian tonic &amp; limoen<\/span><\/p>\n<p><span style=\"color: #000; font-family: 'Assistant', sans-serif; font-size: 20px;\"><strong>Aperol Spritz<span style=\"float: right;\"> \u20ac 11,50<\/span><\/strong><\/span><br \/>\n<span style=\"color: #000;\">Aperol, prosecco, sinaasappel &amp; bruiswater<\/span><\/p>\n<p><span style=\"color: #000; font-family: 'Assistant', sans-serif; font-size: 20px;\"><strong>Espresso Martini<span style=\"float: right;\"> \u20ac 12,50<\/span><\/strong><\/span><br \/>\n<span style=\"color: #000;\">Met kahl\u00faa, Absolut vodka en espresso<\/span><\/p>\n<p><span style=\"color: #000; font-family: 'Assistant', sans-serif; font-size: 20px;\"><strong>Moscow Mule<span style=\"float: right;\"> \u20ac 12,50<\/span><\/strong><\/span><br \/>\n<span style=\"color: #000;\">Vodka, limoen, munt &amp; gemberbier<\/span><\/p>\n<p><span style=\"color: #000; font-family: 'Assistant', sans-serif; font-size: 20px;\"><strong>Pornstar Martini<span style=\"float: right;\"> \u20ac 12,50<\/span><\/strong><\/span><br \/>\n<span style=\"color: #000;\">FEVER-TREE Passion Fruit Martini Mixer, Vodka, Passievrucht<\/span><\/p>\n<p><span style=\"color: #000; font-family: 'Assistant', sans-serif; font-size: 20px;\"><strong>Bloody Mary<span style=\"float: right;\"> \u20ac 12,50<\/span><\/strong><\/span><br \/>\n<span style=\"color: #000;\">Big Tom Tomatensap, Vodka, Selderij<\/span><\/p>\n<p><span style=\"color: #000; font-family: 'Assistant', sans-serif; font-size: 20px;\"><strong>Pink Spritz <span style=\"float: right;\"> \u20ac 11,50<\/span><\/strong><\/span><br \/>\n<span style=\"color: #000;\">FEVER-TREE Raspberry &amp; Rhubarb Tonic, Prosecco, Rood Fruit<\/span><\/p>\n<\/div><\/div><div class=\"x-col e64-e36 m1s-c m1s-d\"><h2  class=\"h-custom-headline h3\" style=\"margin-top:0px; text-decoration: underline #C92228 solid 1.5px; text-underline-offset: 24px;\"><span>Koffie & Thee<\/span><\/h2><div id=\"\" class=\"x-text\" style=\"margin-top:40px;\" ><p><span style=\"color: #000; font-family: 'Assistant', sans-serif; font-size: 20px;\"><strong>Koffie<span style=\"float: right;\"> \u20ac3,25<\/span><\/strong><\/span><\/p>\n<p><span style=\"color: #000; font-family: 'Assistant', sans-serif; font-size: 20px;\"><strong>Cappuccino<span style=\"float: right;\"> \u20ac 3,50<\/span><\/strong><\/span><\/p>\n<p><span style=\"color: #000; font-family: 'Assistant', sans-serif; font-size: 20px;\"><strong>Koffie verkeerd<span style=\"float: right;\"> \u20ac3,50<\/span><\/strong><\/span><\/p>\n<p><span style=\"color: #000; font-family: 'Assistant', sans-serif; font-size: 20px;\"><strong>Latte machiatto<span style=\"float: right;\"> \u20ac3,75<\/span><\/strong><\/span><\/p>\n<p><span style=\"color: #000; font-family: 'Assistant', sans-serif; font-size: 20px;\"><strong>Espresso<span style=\"float: right;\"> \u20ac3,20<\/span><\/strong><\/span><\/p>\n<p><span style=\"color: #000; font-family: 'Assistant', sans-serif; font-size: 20px;\"><strong>Dubbele espresso<span style=\"float: right;\"> \u20ac4,75<\/span><\/strong><\/span><\/p>\n<p><span style=\"color: #000; font-family: 'Assistant', sans-serif; font-size: 20px;\"><strong>Gember thee<span style=\"float: right;\"> \u20ac4,00<\/span><\/strong><\/span><\/p>\n<p><span style=\"color: #000; font-family: 'Assistant', sans-serif; font-size: 20px;\"><strong>Munt thee<span style=\"float: right;\"> \u20ac4,00<\/span><\/strong><\/span><\/p>\n<p><span style=\"color: #000; font-family: 'Assistant', sans-serif; font-size: 20px;\"><strong>Rooibos thee<span style=\"float: right;\"> \u20ac3,25<\/span><\/strong><\/span><\/p>\n<p><span style=\"color: #000; font-family: 'Assistant', sans-serif; font-size: 20px;\"><strong>Earl Grey thee<span style=\"float: right;\"> \u20ac3,25<\/span><\/strong><\/span><\/p>\n<p><span style=\"color: #000; font-family: 'Assistant', sans-serif; font-size: 20px;\"><strong>Groene jasmijn thee<span style=\"float: right;\"> \u20ac3,25<\/span><\/strong><\/span><\/p>\n<p><span style=\"color: #000; font-family: 'Assistant', sans-serif; font-size: 20px;\"><strong>Totally nuts thee<span style=\"float: right;\"> \u20ac3,25<\/span><\/strong><\/span><\/p>\n<\/div><\/div><\/div><\/div><\/div><div class=\"x-section e64-e39 m1s-0\"><div class=\"x-row x-container max width e64-e40 m1s-1 m1s-2 m1s-b\"><div class=\"x-row-inner\"><div class=\"x-col e64-e41 m1s-c m1s-d\"><div  class=\"x-raw-content\" ><!-- Zenchef Widget SDK -->\n<script>;(function (d, s, id) {const el = d.getElementsByTagName(s)[0]; if (d.getElementById(id) || el.parentNode == null) {return;} var js = d.createElement(s);  js.id = id; js.async = true; js.src = 'https:\/\/sdk.zenchef.com\/v1\/sdk.min.js';  el.parentNode.insertBefore(js, el); })(document, 'script', 'zenchef-sdk')<\/script>\n\n<div\n  class=\"zc-widget-config\"\n  data-restaurant=\"381328\"\n  data-open=\"2000\"><\/div><\/div><div  class=\"x-raw-content\" ><script>\ndocument.addEventListener('DOMContentLoaded', function () {\n  document.querySelectorAll('.open-zenchef').forEach(function(btn) {\n    btn.addEventListener('click', function(e) {\n      e.preventDefault();\n\n      if (window.ZC && typeof window.ZC.open === 'function') {\n        window.ZC.open();\n      } else {\n        console.warn('Zenchef widget is nog niet geladen');\n      }\n    });\n  });\n});\n<\/script><\/div><\/div><\/div><\/div><\/div><\/div>\n","protected":false},"excerpt":{"rendered":"<p>Om mee te beginnenPata Negra \u20ac 13,95 Dun gesneden van de varkensschouder geserveerd met crostini&#8217;s Oesterzwam kroketjes \u20ac 7,50 met truffelmayonaise (4 stuks) Mini taco&#8217;s steak tartaar \u20ac 14,95 Met truffel mayonaise en pecorino (3 stuks) Mini taco\u2019s tonijn tartaar \u20ac 14,95 Met wasabi mayonaise en avocado (3 stuks) Chorizo kroketjes \u20ac 7,50 met samurai mayonaise (4 stuks) Holtkamp Sateh &#8230; <\/p>\n<div><a href=\"https:\/\/smaaqt.nl\/en\/diner\/\" class=\"more-link\">Read More<\/a><\/div>","protected":false},"author":1,"featured_media":0,"parent":0,"menu_order":0,"comment_status":"closed","ping_status":"closed","template":"template-layout-sidebar-content.php","meta":{"rs_blank_template":"","rs_page_bg_color":"","slide_template_v7":"","footnotes":""},"class_list":["post-64","page","type-page","status-publish","hentry","no-post-thumbnail"],"_links":{"self":[{"href":"https:\/\/smaaqt.nl\/en\/wp-json\/wp\/v2\/pages\/64","targetHints":{"allow":["GET"]}}],"collection":[{"href":"https:\/\/smaaqt.nl\/en\/wp-json\/wp\/v2\/pages"}],"about":[{"href":"https:\/\/smaaqt.nl\/en\/wp-json\/wp\/v2\/types\/page"}],"author":[{"embeddable":true,"href":"https:\/\/smaaqt.nl\/en\/wp-json\/wp\/v2\/users\/1"}],"replies":[{"embeddable":true,"href":"https:\/\/smaaqt.nl\/en\/wp-json\/wp\/v2\/comments?post=64"}],"version-history":[{"count":46,"href":"https:\/\/smaaqt.nl\/en\/wp-json\/wp\/v2\/pages\/64\/revisions"}],"predecessor-version":[{"id":324,"href":"https:\/\/smaaqt.nl\/en\/wp-json\/wp\/v2\/pages\/64\/revisions\/324"}],"wp:attachment":[{"href":"https:\/\/smaaqt.nl\/en\/wp-json\/wp\/v2\/media?parent=64"}],"curies":[{"name":"wp","href":"https:\/\/api.w.org\/{rel}","templated":true}]}}